{"id":7677,"date":"2021-09-22T11:35:30","date_gmt":"2021-10-11T04:15:49","guid":{"rendered":"https:\/\/jirtu.com\/product\/europeiska-marke-man-stovlar\/"},"modified":"2021-10-11T04:15:49","modified_gmt":"2021-10-11T04:15:49","slug":"sh00536-2","status":"publish","type":"product","link":"https:\/\/jirtu.com\/sv\/produkt\/sh00536-2\/","title":{"rendered":"Europeiska m\u00e4rke m\u00e4n st\u00f6vlar"},"content":{"rendered":"<ul>\n<li>Nya, A-klass, i originalkartonger<\/li>\n<li>Fr\u00e5n v\u00e4lk\u00e4nda butiker<\/li>\n<li>Vinter 20\/21<\/li>\n<li>Blanda modeller, f\u00e4rger och storlekar<\/li>\n<li>Blanda storlekar fr\u00e5n 39-46<\/li>\n<\/ul>\n","protected":false},"excerpt":{"rendered":"<p>Minsta order: 500 Par<br \/>\nRekommenderat pris: \u20ac30,000.00<br \/>\nVinst: \u20ac 26,005.00<\/p>\n","protected":false},"featured_media":7678,"template":"","meta":[],"product_cat":[15],"product_tag":[],"class_list":["post-7677","product","type-product","status-publish","has-post-thumbnail","hentry","product_cat-other"],"_links":{"self":[{"href":"https:\/\/jirtu.com\/sv\/wp-json\/wp\/v2\/product\/7677","targetHints":{"allow":["GET"]}}],"collection":[{"href":"https:\/\/jirtu.com\/sv\/wp-json\/wp\/v2\/product"}],"about":[{"href":"https:\/\/jirtu.com\/sv\/wp-json\/wp\/v2\/types\/product"}],"wp:featuredmedia":[{"embeddable":true,"href":"https:\/\/jirtu.com\/sv\/wp-json\/wp\/v2\/media\/7678"}],"wp:attachment":[{"href":"https:\/\/jirtu.com\/sv\/wp-json\/wp\/v2\/media?parent=7677"}],"wp:term":[{"taxonomy":"product_cat","embeddable":true,"href":"https:\/\/jirtu.com\/sv\/wp-json\/wp\/v2\/product_cat?post=7677"},{"taxonomy":"product_tag","embeddable":true,"href":"https:\/\/jirtu.com\/sv\/wp-json\/wp\/v2\/product_tag?post=7677"}],"curies":[{"name":"wp","href":"https:\/\/api.w.org\/{rel}","templated":true}]}}