{"id":7676,"date":"2021-09-30T12:28:52","date_gmt":"2021-10-11T04:13:25","guid":{"rendered":"https:\/\/jirtu.com\/product\/europeiska-marken-herrskor\/"},"modified":"2021-10-11T04:13:26","modified_gmt":"2021-10-11T04:13:26","slug":"sh00541","status":"publish","type":"product","link":"https:\/\/jirtu.com\/sv\/produkt\/sh00541\/","title":{"rendered":"Europeiska m\u00e4rken Herrskor"},"content":{"rendered":"<ul>\n<li><strong>Nya, A-klass med originalkartong med pris.<\/strong><\/li>\n<li><strong>Multivarum\u00e4rken fr\u00e5n v\u00e4lk\u00e4nda <span class=\"highlighted\">butiker<\/span><\/strong><\/li>\n<li><strong>Klassisk och avslappnad stil.<\/strong><\/li>\n<li><strong>Blanda modeller och storlekar.<\/strong><\/li>\n<li><strong>M\u00f6jligt att ta mindre m\u00e4ngd<\/strong><\/li>\n<li><strong>Blanda storlekar fr\u00e5n 39-46<\/strong><\/li>\n<\/ul>\n<p><strong>Ex. Lager <\/strong><em>Sverige<\/em><\/p>\n<p><strong>F\u00f6rs\u00e4ljningsbegr\u00e4nsningar &#8211;<\/strong><em>Spanien och territorierna<\/em><\/p>\n","protected":false},"excerpt":{"rendered":"<p><strong>Minsta order: 1000 St.<\/strong><br \/>\n<strong><span class=\"highlighted\">Rekommenderat<\/span> pris:<\/strong> \u20ac 25000.00<br \/>\n<strong>Vinst:<\/strong> \u20ac 21,005.00<\/p>\n","protected":false},"featured_media":7501,"template":"","meta":[],"product_cat":[15],"product_tag":[523,524,525],"class_list":["post-7676","product","type-product","status-publish","has-post-thumbnail","hentry","product_cat-other","product_tag-laderskor-for-man","product_tag-man-icke-laderskor","product_tag-skor-for-man"],"_links":{"self":[{"href":"https:\/\/jirtu.com\/sv\/wp-json\/wp\/v2\/product\/7676","targetHints":{"allow":["GET"]}}],"collection":[{"href":"https:\/\/jirtu.com\/sv\/wp-json\/wp\/v2\/product"}],"about":[{"href":"https:\/\/jirtu.com\/sv\/wp-json\/wp\/v2\/types\/product"}],"wp:featuredmedia":[{"embeddable":true,"href":"https:\/\/jirtu.com\/sv\/wp-json\/wp\/v2\/media\/7501"}],"wp:attachment":[{"href":"https:\/\/jirtu.com\/sv\/wp-json\/wp\/v2\/media?parent=7676"}],"wp:term":[{"taxonomy":"product_cat","embeddable":true,"href":"https:\/\/jirtu.com\/sv\/wp-json\/wp\/v2\/product_cat?post=7676"},{"taxonomy":"product_tag","embeddable":true,"href":"https:\/\/jirtu.com\/sv\/wp-json\/wp\/v2\/product_tag?post=7676"}],"curies":[{"name":"wp","href":"https:\/\/api.w.org\/{rel}","templated":true}]}}