{"id":7663,"date":"2023-02-07T18:00:40","date_gmt":"2021-10-05T16:12:25","guid":{"rendered":"https:\/\/jirtu.com\/product\/pall-offert-vinterklader-for-barn\/"},"modified":"2021-10-05T16:19:34","modified_gmt":"2021-10-05T16:19:34","slug":"cl00393","status":"publish","type":"product","link":"https:\/\/jirtu.com\/sv\/produkt\/cl00393\/","title":{"rendered":"Pall offert &#8211; Vinterkl\u00e4der f\u00f6r barn"},"content":{"rendered":"<ul>\n<li><strong>blandade kategorier<\/strong><\/li>\n<li><strong>F\u00f6r pojke och flickor<\/strong><\/li>\n<li><strong>Jackor, skjortor, tr\u00f6jor, l\u00e5ng\u00e4rmade, byxor, kl\u00e4nningar, halsdukar, hattar och mm.<\/strong><\/li>\n<li><strong>Nya med originala etiketter<\/strong><\/li>\n<li><strong>Blandade modeller och storlekar fr\u00e5n nyf\u00f6dd till 14 \u00e5r<\/strong><\/li>\n<li><strong>Kan finnas en liten m\u00e4ngd av vuxnakl\u00e4der<\/strong><\/li>\n<\/ul>\n<p><strong>Lager:<\/strong> <em>Sverige<\/em><\/p>\n","protected":false},"excerpt":{"rendered":"<p><strong>Minsta order:<\/strong> 3000 St.<br \/>\n<strong>Rekommenderat pris:<\/strong> \u20ac 45000<br \/>\n<strong>Vinst<\/strong> \u20ac 39030<\/p>\n","protected":false},"featured_media":7570,"template":"","meta":[],"product_cat":[15],"product_tag":[],"class_list":["post-7663","product","type-product","status-publish","has-post-thumbnail","hentry","product_cat-other"],"_links":{"self":[{"href":"https:\/\/jirtu.com\/sv\/wp-json\/wp\/v2\/product\/7663","targetHints":{"allow":["GET"]}}],"collection":[{"href":"https:\/\/jirtu.com\/sv\/wp-json\/wp\/v2\/product"}],"about":[{"href":"https:\/\/jirtu.com\/sv\/wp-json\/wp\/v2\/types\/product"}],"wp:featuredmedia":[{"embeddable":true,"href":"https:\/\/jirtu.com\/sv\/wp-json\/wp\/v2\/media\/7570"}],"wp:attachment":[{"href":"https:\/\/jirtu.com\/sv\/wp-json\/wp\/v2\/media?parent=7663"}],"wp:term":[{"taxonomy":"product_cat","embeddable":true,"href":"https:\/\/jirtu.com\/sv\/wp-json\/wp\/v2\/product_cat?post=7663"},{"taxonomy":"product_tag","embeddable":true,"href":"https:\/\/jirtu.com\/sv\/wp-json\/wp\/v2\/product_tag?post=7663"}],"curies":[{"name":"wp","href":"https:\/\/api.w.org\/{rel}","templated":true}]}}