{"id":7648,"date":"2021-09-30T12:54:13","date_gmt":"2021-10-02T11:40:37","guid":{"rendered":"https:\/\/jirtu.com\/product\/europeiska-marken-damskor\/"},"modified":"2021-10-11T04:07:45","modified_gmt":"2021-10-11T04:07:45","slug":"sh00534","status":"publish","type":"product","link":"https:\/\/jirtu.com\/sv\/produkt\/sh00534\/","title":{"rendered":"Europeiska m\u00e4rken kvinnor st\u00f6vlar"},"content":{"rendered":"<ul>\n<li><strong>Nya, A-klass, i originalkartonger<\/strong><\/li>\n<li><strong><span class=\"highlighted\">Fr\u00e5n v\u00e4lk\u00e4nda butiker<\/span><\/strong><\/li>\n<li><strong>Vinter 20\/21<\/strong><\/li>\n<li><strong>Blanda modeller, f\u00e4rger och storlekar<\/strong><\/li>\n<li><strong>Blanda storlekar fr\u00e5n 36-41<\/strong><\/li>\n<\/ul>\n<p><strong>Ex. Lager <\/strong><em>Sverige<\/em><\/p>\n<p><strong>F\u00f6rs\u00e4ljningsbegr\u00e4nsningar &#8211;<\/strong><em>Spanien och territorierna<\/em><\/p>\n<p><em>M\u00f6jligt att ta mindre m\u00e4ngd V\u00e4nligen kontakta oss.<\/em><\/p>\n","protected":false},"excerpt":{"rendered":"<p><strong>Minimum antal :<\/strong> 300 par<br \/>\n<strong>Rekommenderad <span class=\"highlighted\">Detaljhandeln<\/span> Pris:<\/strong>: 17 400,00 \u20ac<br \/>\n<strong>Vinst:<\/strong> \u20ac 15,003,00<\/p>\n","protected":false},"featured_media":7522,"template":"","meta":[],"product_cat":[15],"product_tag":[487,488,486],"class_list":["post-7648","product","type-product","status-publish","has-post-thumbnail","hentry","product_cat-other","product_tag-kvinnor-stovlar","product_tag-kvinnoskor","product_tag-stovletter"],"_links":{"self":[{"href":"https:\/\/jirtu.com\/sv\/wp-json\/wp\/v2\/product\/7648","targetHints":{"allow":["GET"]}}],"collection":[{"href":"https:\/\/jirtu.com\/sv\/wp-json\/wp\/v2\/product"}],"about":[{"href":"https:\/\/jirtu.com\/sv\/wp-json\/wp\/v2\/types\/product"}],"wp:featuredmedia":[{"embeddable":true,"href":"https:\/\/jirtu.com\/sv\/wp-json\/wp\/v2\/media\/7522"}],"wp:attachment":[{"href":"https:\/\/jirtu.com\/sv\/wp-json\/wp\/v2\/media?parent=7648"}],"wp:term":[{"taxonomy":"product_cat","embeddable":true,"href":"https:\/\/jirtu.com\/sv\/wp-json\/wp\/v2\/product_cat?post=7648"},{"taxonomy":"product_tag","embeddable":true,"href":"https:\/\/jirtu.com\/sv\/wp-json\/wp\/v2\/product_tag?post=7648"}],"curies":[{"name":"wp","href":"https:\/\/api.w.org\/{rel}","templated":true}]}}