{"id":7711,"date":"2021-10-16T13:11:42","date_gmt":"2021-10-16T13:11:42","guid":{"rendered":"https:\/\/jirtu.com\/aterkalla-kop-och-reklammationer\/"},"modified":"2021-10-17T04:51:12","modified_gmt":"2021-10-17T04:51:12","slug":"aterkalla-kop-och-reklammationer","status":"publish","type":"page","link":"https:\/\/jirtu.com\/sv\/aterkalla-kop-och-reklammationer\/","title":{"rendered":"\u00c5terkalla k\u00f6p och reklammationer"},"content":{"rendered":"\n<p><strong>\u00c5TERKALLA K\u00d6P.<\/strong><br\/>Enligt lag, har du som individ 14 dagars \u00e5ngerr\u00e4tt. Om du vill \u00e5terkalla ett k\u00f6p fyller du i f\u00f6ljande formul\u00e4r och skickar det till support@jirtu.com.<\/p>\n\n<p><strong>Klagom\u00e5l efter k\u00f6pet.<\/strong><br\/>Alla artiklar s\u00e4ljs i sitt nuvarande skick och som kund har du granskningsvillkoren enligt villkoren. Fel som har markerats eller borde ha markerats n\u00e4r kunden unders\u00f6kte auktionsobjektet vid dessa tillf\u00e4llen ska omedelbart klagas p\u00e5. JIRTU \u00e4r endast ansvarigt f\u00f6r fel som rapporteras skriftligen av huvudmannen inom 15 dagar efter att felet uppt\u00e4cktes\/borde ha m\u00e4rkts, till exempel vid tidpunkten f\u00f6r f\u00f6rk\u00f6psutredningen eller vid tidpunkten f\u00f6r insamlingen.<\/p>\n\n<p id=\"https:\/\/www.konsumentverket.se\/contentassets\/c78f43844da74c7786821d8d12a98b5a\/angerblankett_konsumentverket_150817.pdf\">Om en k\u00f6pare vill l\u00e4mna in ett <a href=\"https:\/\/www.konsumentverket.se\/contentassets\/c78f43844da74c7786821d8d12a98b5a\/angerblankett_konsumentverket_150817.pdf\" data-type=\"URL\" data-id=\"https:\/\/www.konsumentverket.se\/contentassets\/c78f43844da74c7786821d8d12a98b5a\/angerblankett_konsumentverket_150817.pdf\">klagom\u00e5l m\u00e5ste<\/a> en \u00c5ngerblankett fyllas i och skickas till <a href=\"mailto:klagomal@jirtu.com\">klagomal@jirtu.com<\/a>. <\/p>\n","protected":false},"excerpt":{"rendered":"<p>\u00c5TERKALLA K\u00d6P.Enligt lag, har du som individ 14 dagars \u00e5ngerr\u00e4tt. Om du vill \u00e5terkalla ett k\u00f6p fyller du i f\u00f6ljande formul\u00e4r och skickar det till support@jirtu.com. Klagom\u00e5l efter k\u00f6pet.Alla artiklar s\u00e4ljs i sitt nuvarande skick och som kund har du granskningsvillkoren enligt villkoren. Fel som har markerats eller borde ha markerats n\u00e4r kunden unders\u00f6kte auktionsobjektet [&hellip;]<\/p>\n","protected":false},"author":1,"featured_media":0,"parent":0,"menu_order":0,"comment_status":"closed","ping_status":"closed","template":"","meta":{"footnotes":""},"class_list":["post-7711","page","type-page","status-publish","hentry"],"_links":{"self":[{"href":"https:\/\/jirtu.com\/sv\/wp-json\/wp\/v2\/pages\/7711","targetHints":{"allow":["GET"]}}],"collection":[{"href":"https:\/\/jirtu.com\/sv\/wp-json\/wp\/v2\/pages"}],"about":[{"href":"https:\/\/jirtu.com\/sv\/wp-json\/wp\/v2\/types\/page"}],"author":[{"embeddable":true,"href":"https:\/\/jirtu.com\/sv\/wp-json\/wp\/v2\/users\/1"}],"replies":[{"embeddable":true,"href":"https:\/\/jirtu.com\/sv\/wp-json\/wp\/v2\/comments?post=7711"}],"version-history":[{"count":3,"href":"https:\/\/jirtu.com\/sv\/wp-json\/wp\/v2\/pages\/7711\/revisions"}],"predecessor-version":[{"id":7735,"href":"https:\/\/jirtu.com\/sv\/wp-json\/wp\/v2\/pages\/7711\/revisions\/7735"}],"wp:attachment":[{"href":"https:\/\/jirtu.com\/sv\/wp-json\/wp\/v2\/media?parent=7711"}],"curies":[{"name":"wp","href":"https:\/\/api.w.org\/{rel}","templated":true}]}}