{"id":7702,"date":"2021-10-11T15:26:45","date_gmt":"2021-10-11T15:26:45","guid":{"rendered":"https:\/\/jirtu.com\/budgivning-automatiserad-budgivning\/"},"modified":"2021-10-17T03:44:06","modified_gmt":"2021-10-17T03:44:06","slug":"budgivning-automatiserad-budgivning","status":"publish","type":"page","link":"https:\/\/jirtu.com\/sv\/budgivning-automatiserad-budgivning\/","title":{"rendered":"Budgivning\/automatiserad budgivning"},"content":{"rendered":"\n<p><strong>BUDGIVNING.<\/strong><br\/><br\/>Alla bud \u00e4r bindande, \u00e4ven om ditt bud inte n\u00e5r bokningspriset i slutet av auktionen. <br\/><br\/>Det finns alltid en auktionsavgift f\u00f6r det vinnande budet. JIRTU ansvarar inte f\u00f6r icke-registrerade bud. <br\/><br\/>Du har m\u00f6jlighet att st\u00e4lla in ett automatiserat bud. Dessa \u00e4r inte synliga f\u00f6r de andra budgivarna. Om tv\u00e5 personer l\u00e4gger samma bud \u00e4r f\u00f6rsta budet det vinnande. Om detta h\u00e4nder syns det tydligt i budhistoriken.<\/p>\n","protected":false},"excerpt":{"rendered":"<p>BUDGIVNING. Alla bud \u00e4r bindande, \u00e4ven om ditt bud inte n\u00e5r bokningspriset i slutet av auktionen. Det finns alltid en auktionsavgift f\u00f6r det vinnande budet. JIRTU ansvarar inte f\u00f6r icke-registrerade bud. Du har m\u00f6jlighet att st\u00e4lla in ett automatiserat bud. Dessa \u00e4r inte synliga f\u00f6r de andra budgivarna. Om tv\u00e5 personer l\u00e4gger samma bud \u00e4r [&hellip;]<\/p>\n","protected":false},"author":1,"featured_media":0,"parent":0,"menu_order":0,"comment_status":"closed","ping_status":"closed","template":"","meta":{"footnotes":""},"class_list":["post-7702","page","type-page","status-publish","hentry"],"_links":{"self":[{"href":"https:\/\/jirtu.com\/sv\/wp-json\/wp\/v2\/pages\/7702","targetHints":{"allow":["GET"]}}],"collection":[{"href":"https:\/\/jirtu.com\/sv\/wp-json\/wp\/v2\/pages"}],"about":[{"href":"https:\/\/jirtu.com\/sv\/wp-json\/wp\/v2\/types\/page"}],"author":[{"embeddable":true,"href":"https:\/\/jirtu.com\/sv\/wp-json\/wp\/v2\/users\/1"}],"replies":[{"embeddable":true,"href":"https:\/\/jirtu.com\/sv\/wp-json\/wp\/v2\/comments?post=7702"}],"version-history":[{"count":5,"href":"https:\/\/jirtu.com\/sv\/wp-json\/wp\/v2\/pages\/7702\/revisions"}],"predecessor-version":[{"id":7729,"href":"https:\/\/jirtu.com\/sv\/wp-json\/wp\/v2\/pages\/7702\/revisions\/7729"}],"wp:attachment":[{"href":"https:\/\/jirtu.com\/sv\/wp-json\/wp\/v2\/media?parent=7702"}],"curies":[{"name":"wp","href":"https:\/\/api.w.org\/{rel}","templated":true}]}}