{"id":7700,"date":"2021-10-11T15:23:45","date_gmt":"2021-10-11T15:23:45","guid":{"rendered":"https:\/\/jirtu.com\/samla-in-ditt-objekt\/"},"modified":"2021-10-17T03:40:31","modified_gmt":"2021-10-17T03:40:31","slug":"samla-in-ditt-objekt","status":"publish","type":"page","link":"https:\/\/jirtu.com\/sv\/samla-in-ditt-objekt\/","title":{"rendered":"Upph\u00e4mtning av vara"},"content":{"rendered":"\n<p><strong>UPPH\u00c4MTNING AV VARA.<\/strong><\/p>\n\n<p>Fakturan m\u00e5ste vara registrerad som betald hos JIRTU f\u00f6r att varan ska kunna h\u00e4mtas upp Innan du h\u00e4mtar din vara m\u00e5ste tid och datum bokas med kunden<\/p>\n\n<p>K\u00f6pare ansvarar f\u00f6r insamling och eventuell demontering om inget annat anges.<\/p>\n\n<p>Efter auktionens slut, har k\u00f6paren 15 dagar p\u00e5 sig att h\u00e4mta varan, varefter JIRTU kan komma att fakturera SEK500 exklusive moms per vecka, som startats efter auktionens avslut<\/p>\n\n<p>F\u00f6r f\u00f6rem\u00e5l som inte har samlats in av k\u00f6paren eller dess ombud inom 30 arbetsdagar (eller n\u00e5gon annan tidsperiod som specifikt kan anges i auktionsdokumentationen) har JIRTU r\u00e4tt att avbryta k\u00f6pet och f\u00e5 skadest\u00e5nd i enlighet med till\u00e4mplig k\u00f6plag. JIRTU har r\u00e4tt till ers\u00e4ttning i enlighet med g\u00e4llande k\u00f6pr\u00e4ttigheter. Om f\u00f6rs\u00e4ljningspriset inte \u00e4r tillr\u00e4ckligt f\u00f6r att t\u00e4cka JIRTU:s fordringar och kostnaden f\u00f6r \u00e5terf\u00f6rs\u00e4ljning m\u00e5ste k\u00f6paren betala mellanskillnaden. Om k\u00f6paren eller dess ombud inte har h\u00e4mtat varan inom 30 dagar efter k\u00f6pet har JIRTU r\u00e4tt att \u00e5tervinna\/avyttra varor till l\u00e5gt v\u00e4rde (mindre \u00e4n 20000 kr exklusive moms).<\/p>\n","protected":false},"excerpt":{"rendered":"<p>UPPH\u00c4MTNING AV VARA. Fakturan m\u00e5ste vara registrerad som betald hos JIRTU f\u00f6r att varan ska kunna h\u00e4mtas upp Innan du h\u00e4mtar din vara m\u00e5ste tid och datum bokas med kunden K\u00f6pare ansvarar f\u00f6r insamling och eventuell demontering om inget annat anges. Efter auktionens slut, har k\u00f6paren 15 dagar p\u00e5 sig att h\u00e4mta varan, varefter JIRTU [&hellip;]<\/p>\n","protected":false},"author":1,"featured_media":0,"parent":0,"menu_order":0,"comment_status":"closed","ping_status":"closed","template":"","meta":{"footnotes":""},"class_list":["post-7700","page","type-page","status-publish","hentry"],"_links":{"self":[{"href":"https:\/\/jirtu.com\/sv\/wp-json\/wp\/v2\/pages\/7700","targetHints":{"allow":["GET"]}}],"collection":[{"href":"https:\/\/jirtu.com\/sv\/wp-json\/wp\/v2\/pages"}],"about":[{"href":"https:\/\/jirtu.com\/sv\/wp-json\/wp\/v2\/types\/page"}],"author":[{"embeddable":true,"href":"https:\/\/jirtu.com\/sv\/wp-json\/wp\/v2\/users\/1"}],"replies":[{"embeddable":true,"href":"https:\/\/jirtu.com\/sv\/wp-json\/wp\/v2\/comments?post=7700"}],"version-history":[{"count":5,"href":"https:\/\/jirtu.com\/sv\/wp-json\/wp\/v2\/pages\/7700\/revisions"}],"predecessor-version":[{"id":7727,"href":"https:\/\/jirtu.com\/sv\/wp-json\/wp\/v2\/pages\/7700\/revisions\/7727"}],"wp:attachment":[{"href":"https:\/\/jirtu.com\/sv\/wp-json\/wp\/v2\/media?parent=7700"}],"curies":[{"name":"wp","href":"https:\/\/api.w.org\/{rel}","templated":true}]}}