{"id":7696,"date":"2021-10-11T13:22:01","date_gmt":"2021-10-11T13:22:01","guid":{"rendered":"https:\/\/jirtu.com\/vardering\/"},"modified":"2021-10-17T04:46:06","modified_gmt":"2021-10-17T04:46:06","slug":"vardering","status":"publish","type":"page","link":"https:\/\/jirtu.com\/sv\/vardering\/","title":{"rendered":"V\u00e4rdering"},"content":{"rendered":"\n<p><strong>VI G\u00d6R EN CERTIFIERAD V\u00c4RDERING.<\/strong><\/p>\n\n<p>En professionell v\u00e4rdering av ett f\u00f6retag, utrustning, maskiner eller lager kan vara relevant vid f\u00f6rs\u00e4ljning, likvidation eller konkurs.<\/p>\n\n<p>P\u00e5 JIRTU har vi kompetens att v\u00e4rdera hela konkursbon samt b\u00e5de nya och gamla industriobjekt. Vi g\u00f6r \u00e4ven v\u00e4rderingar inom omr\u00e5den som tr\u00e4, metall och teknik, s\u00e5gverk, jordbruk, entreprenadmaskiner, bilar och lastbilar, skrivare, kontor, cateringf\u00f6retag etc.<\/p>\n\n<p>V\u00e4rdering \u00e4r ett st\u00e4ndigt v\u00e4xande omr\u00e5de. M\u00e5nga anst\u00e4ller oss enbart f\u00f6r v\u00e4rdering, alternativt certifiering fr\u00e5n en oberoende part av utrustning eller utrustningsv\u00e4rden.<\/p>\n","protected":false},"excerpt":{"rendered":"<p>VI G\u00d6R EN CERTIFIERAD V\u00c4RDERING. En professionell v\u00e4rdering av ett f\u00f6retag, utrustning, maskiner eller lager kan vara relevant vid f\u00f6rs\u00e4ljning, likvidation eller konkurs. P\u00e5 JIRTU har vi kompetens att v\u00e4rdera hela konkursbon samt b\u00e5de nya och gamla industriobjekt. Vi g\u00f6r \u00e4ven v\u00e4rderingar inom omr\u00e5den som tr\u00e4, metall och teknik, s\u00e5gverk, jordbruk, entreprenadmaskiner, bilar och lastbilar, [&hellip;]<\/p>\n","protected":false},"author":1,"featured_media":0,"parent":0,"menu_order":0,"comment_status":"closed","ping_status":"closed","template":"","meta":{"footnotes":""},"class_list":["post-7696","page","type-page","status-publish","hentry"],"_links":{"self":[{"href":"https:\/\/jirtu.com\/sv\/wp-json\/wp\/v2\/pages\/7696","targetHints":{"allow":["GET"]}}],"collection":[{"href":"https:\/\/jirtu.com\/sv\/wp-json\/wp\/v2\/pages"}],"about":[{"href":"https:\/\/jirtu.com\/sv\/wp-json\/wp\/v2\/types\/page"}],"author":[{"embeddable":true,"href":"https:\/\/jirtu.com\/sv\/wp-json\/wp\/v2\/users\/1"}],"replies":[{"embeddable":true,"href":"https:\/\/jirtu.com\/sv\/wp-json\/wp\/v2\/comments?post=7696"}],"version-history":[{"count":3,"href":"https:\/\/jirtu.com\/sv\/wp-json\/wp\/v2\/pages\/7696\/revisions"}],"predecessor-version":[{"id":7733,"href":"https:\/\/jirtu.com\/sv\/wp-json\/wp\/v2\/pages\/7696\/revisions\/7733"}],"wp:attachment":[{"href":"https:\/\/jirtu.com\/sv\/wp-json\/wp\/v2\/media?parent=7696"}],"curies":[{"name":"wp","href":"https:\/\/api.w.org\/{rel}","templated":true}]}}