{"id":7690,"date":"2021-10-11T13:13:06","date_gmt":"2021-10-11T13:13:06","guid":{"rendered":"https:\/\/jirtu.com\/inspektion-av-foremal\/"},"modified":"2021-10-17T03:33:05","modified_gmt":"2021-10-17T03:33:05","slug":"inspektion-av-foremal","status":"publish","type":"page","link":"https:\/\/jirtu.com\/sv\/inspektion-av-foremal\/","title":{"rendered":"Inspektera k\u00f6pta varor"},"content":{"rendered":"\n<p><strong>Skyldighet att inspektera.<\/strong><\/p>\n\n<p>Alla artiklar som s\u00e4ljs p\u00e5 JIRTU s\u00e4ljs i befintligt skick. Eftersom de vi s\u00e4ljer vanligtvis \u00e4r anv\u00e4nda, har de ibland defekter och\/eller fel.<\/p>\n\n<p>Som k\u00f6pare har du b\u00e5de plikten och r\u00e4tten att inspektera de f\u00f6rem\u00e5l du har vunnit. Det inneb\u00e4r att du vid upph\u00e4mtning m\u00e5ste unders\u00f6ka och godk\u00e4nna f\u00f6rem\u00e5lets skick i f\u00f6rh\u00e5llande till auktionsdokumentationen.<\/p>\n\n<p>N\u00e4r du har laddat ner din vara, m\u00e5ste JIRTUs leveranskvitto undertecknas. S\u00e4ljaren ansvarar inte f\u00f6r n\u00e5gra fel som budgivaren inte uppt\u00e4ckte vid tidpunkten f\u00f6r upph\u00e4mtning. Om du anlitar en spedit\u00f6r eller ombud f\u00f6r att h\u00e4mta varan anses du ha godk\u00e4nt varan n\u00e4r den l\u00e4mnar huvudmannens upph\u00e4mtningsplats. Klienten eller JIRTU ansvarar inte f\u00f6r n\u00e5gra fel som uppst\u00e5r efter upph\u00e4mtning. JIRTU eller huvudmannen ansvarar inte f\u00f6r brister i egendom som s\u00e4ljs av adressat eller liknande.<\/p>\n","protected":false},"excerpt":{"rendered":"<p>Skyldighet att inspektera. Alla artiklar som s\u00e4ljs p\u00e5 JIRTU s\u00e4ljs i befintligt skick. Eftersom de vi s\u00e4ljer vanligtvis \u00e4r anv\u00e4nda, har de ibland defekter och\/eller fel. Som k\u00f6pare har du b\u00e5de plikten och r\u00e4tten att inspektera de f\u00f6rem\u00e5l du har vunnit. Det inneb\u00e4r att du vid upph\u00e4mtning m\u00e5ste unders\u00f6ka och godk\u00e4nna f\u00f6rem\u00e5lets skick i f\u00f6rh\u00e5llande [&hellip;]<\/p>\n","protected":false},"author":1,"featured_media":0,"parent":0,"menu_order":0,"comment_status":"closed","ping_status":"closed","template":"","meta":{"footnotes":""},"class_list":["post-7690","page","type-page","status-publish","hentry"],"_links":{"self":[{"href":"https:\/\/jirtu.com\/sv\/wp-json\/wp\/v2\/pages\/7690","targetHints":{"allow":["GET"]}}],"collection":[{"href":"https:\/\/jirtu.com\/sv\/wp-json\/wp\/v2\/pages"}],"about":[{"href":"https:\/\/jirtu.com\/sv\/wp-json\/wp\/v2\/types\/page"}],"author":[{"embeddable":true,"href":"https:\/\/jirtu.com\/sv\/wp-json\/wp\/v2\/users\/1"}],"replies":[{"embeddable":true,"href":"https:\/\/jirtu.com\/sv\/wp-json\/wp\/v2\/comments?post=7690"}],"version-history":[{"count":5,"href":"https:\/\/jirtu.com\/sv\/wp-json\/wp\/v2\/pages\/7690\/revisions"}],"predecessor-version":[{"id":7723,"href":"https:\/\/jirtu.com\/sv\/wp-json\/wp\/v2\/pages\/7690\/revisions\/7723"}],"wp:attachment":[{"href":"https:\/\/jirtu.com\/sv\/wp-json\/wp\/v2\/media?parent=7690"}],"curies":[{"name":"wp","href":"https:\/\/api.w.org\/{rel}","templated":true}]}}