{"id":7686,"date":"2021-10-11T12:48:39","date_gmt":"2021-10-11T12:48:39","guid":{"rendered":"https:\/\/jirtu.com\/registrering\/"},"modified":"2021-10-17T03:24:50","modified_gmt":"2021-10-17T03:24:50","slug":"registrering","status":"publish","type":"page","link":"https:\/\/jirtu.com\/sv\/registrering\/","title":{"rendered":"Registrering"},"content":{"rendered":"\n<p><strong>Du registrerar dig som budgivare\/k\u00f6pare p\u00e5 www.jirtu.com.<\/strong><\/p>\n\n<p>Alla k\u00f6pare f\u00f6rhandsgranskas och din registrering kan d\u00e4rf\u00f6r ta n\u00e5gra timmar innan den godk\u00e4nns. Du kan registrera dig som svenskt f\u00f6retag, svensk privatperson eller utl\u00e4ndskt f\u00f6retag. Som k\u00f6pare m\u00e5ste du acceptera v\u00e5ra k\u00f6pvillkor n\u00e4r du registrerar ditt konto.<br\/><br\/>Du m\u00e5ste vara minst 18 \u00e5r f\u00f6r att registrera ditt konto. De som registrerar sig under falskt namn riskerar att polisanm\u00e4las. Jirtu hanterar alla dina personuppgifter i enlighet med dataskyddsf\u00f6rordningen (GDPR), som tr\u00e4dde i kraft den 25 maj 2018.<br\/><br\/>N\u00e4r du registrerar dig som k\u00f6pare godk\u00e4nner du jirtu att anv\u00e4nda din eller f\u00f6retagets information f\u00f6r att vi ska kunna uppfylla v\u00e5ra skyldigheter gentemot dig.<\/p>\n","protected":false},"excerpt":{"rendered":"<p>Du registrerar dig som budgivare\/k\u00f6pare p\u00e5 www.jirtu.com. Alla k\u00f6pare f\u00f6rhandsgranskas och din registrering kan d\u00e4rf\u00f6r ta n\u00e5gra timmar innan den godk\u00e4nns. Du kan registrera dig som svenskt f\u00f6retag, svensk privatperson eller utl\u00e4ndskt f\u00f6retag. Som k\u00f6pare m\u00e5ste du acceptera v\u00e5ra k\u00f6pvillkor n\u00e4r du registrerar ditt konto. Du m\u00e5ste vara minst 18 \u00e5r f\u00f6r att registrera ditt [&hellip;]<\/p>\n","protected":false},"author":1,"featured_media":0,"parent":0,"menu_order":0,"comment_status":"closed","ping_status":"closed","template":"","meta":{"footnotes":""},"class_list":["post-7686","page","type-page","status-publish","hentry"],"_links":{"self":[{"href":"https:\/\/jirtu.com\/sv\/wp-json\/wp\/v2\/pages\/7686","targetHints":{"allow":["GET"]}}],"collection":[{"href":"https:\/\/jirtu.com\/sv\/wp-json\/wp\/v2\/pages"}],"about":[{"href":"https:\/\/jirtu.com\/sv\/wp-json\/wp\/v2\/types\/page"}],"author":[{"embeddable":true,"href":"https:\/\/jirtu.com\/sv\/wp-json\/wp\/v2\/users\/1"}],"replies":[{"embeddable":true,"href":"https:\/\/jirtu.com\/sv\/wp-json\/wp\/v2\/comments?post=7686"}],"version-history":[{"count":5,"href":"https:\/\/jirtu.com\/sv\/wp-json\/wp\/v2\/pages\/7686\/revisions"}],"predecessor-version":[{"id":7721,"href":"https:\/\/jirtu.com\/sv\/wp-json\/wp\/v2\/pages\/7686\/revisions\/7721"}],"wp:attachment":[{"href":"https:\/\/jirtu.com\/sv\/wp-json\/wp\/v2\/media?parent=7686"}],"curies":[{"name":"wp","href":"https:\/\/api.w.org\/{rel}","templated":true}]}}